{"id":358,"date":"2022-05-15T10:21:43","date_gmt":"2022-05-15T08:21:43","guid":{"rendered":"https:\/\/vodmatskeiskrice.splet.arnes.si\/?page_id=358"},"modified":"2022-05-15T10:21:44","modified_gmt":"2022-05-15T08:21:44","slug":"358-2","status":"publish","type":"page","link":"https:\/\/vodmatskeiskrice.splet.arnes.si\/?page_id=358","title":{"rendered":"Sodeluj tudi ti"},"content":{"rendered":"<p>[et_pb_section fb_built=&#8221;1&#8243; admin_label=&#8221;Header&#8221; _builder_version=&#8221;4.16&#8243; _module_preset=&#8221;default&#8221; background_color=&#8221;#F8F7F1&#8243; background_image=&#8221;https:\/\/vodmatskeiskrice.splet.arnes.si\/files\/2022\/04\/homemade-cookies-023.png&#8221; parallax=&#8221;on&#8221; parallax_method=&#8221;off&#8221; global_colors_info=&#8221;{}&#8221; theme_builder_area=&#8221;post_content&#8221;][et_pb_row _builder_version=&#8221;4.16&#8243; _module_preset=&#8221;default&#8221; global_colors_info=&#8221;{}&#8221; theme_builder_area=&#8221;post_content&#8221;][et_pb_column type=&#8221;4_4&#8243; _builder_version=&#8221;4.16&#8243; _module_preset=&#8221;default&#8221; global_colors_info=&#8221;{}&#8221; theme_builder_area=&#8221;post_content&#8221;][et_pb_text _builder_version=&#8221;4.16&#8243; _module_preset=&#8221;default&#8221; header_font=&#8221;Berkshire Swash||||||||&#8221; header_text_color=&#8221;#000000&#8243; header_font_size=&#8221;100px&#8221; header_font_size_tablet=&#8221;50px&#8221; header_font_size_phone=&#8221;28px&#8221; header_font_size_last_edited=&#8221;on|phone&#8221; locked=&#8221;off&#8221; global_colors_info=&#8221;{}&#8221; theme_builder_area=&#8221;post_content&#8221;]<\/p>\n<h1>Sodeluj tudi ti<\/h1>\n<p>[\/et_pb_text][\/et_pb_column][\/et_pb_row][et_pb_row _builder_version=&#8221;4.17.3&#8243; _module_preset=&#8221;default&#8221; theme_builder_area=&#8221;post_content&#8221;][et_pb_column _builder_version=&#8221;4.17.3&#8243; _module_preset=&#8221;default&#8221; type=&#8221;4_4&#8243; theme_builder_area=&#8221;post_content&#8221;][et_pb_text _builder_version=&#8221;4.17.3&#8243; _module_preset=&#8221;default&#8221; theme_builder_area=&#8221;post_content&#8221; text_font_size=&#8221;17px&#8221; hover_enabled=&#8221;0&#8243; sticky_enabled=&#8221;0&#8243;]<\/p>\n<p>\u017deli\u0161 tudi ti sodelovati?<\/p>\n<p>\u010ce se \u017eeli\u0161 preizkusiti v delu novinarja, se pridru\u017ei na\u0161i skupini ustvarjalcev v sklopu interesne dejavnosti \u0160olski \u010dasopis.<\/p>\n<p>Lahko pa nam na na\u0161 e-naslov po\u0161lje\u0161 svoj prispevek (risbo, fotografijo, videoprispevek &#8230;), ki ga bomo objavili na spletni strani.\u00a0<\/p>\n<p>Veselimo se sodelovanja z vami!<\/p>\n<p>[\/et_pb_text][\/et_pb_column][\/et_pb_row][\/et_pb_section]<\/p>\n","protected":false},"excerpt":{"rendered":"<p>Sodeluj tudi ti\u017deli\u0161 tudi ti sodelovati? \u010ce se \u017eeli\u0161 preizkusiti v delu novinarja, se pridru\u017ei na\u0161i skupini ustvarjalcev v sklopu interesne dejavnosti \u0160olski \u010dasopis. Lahko pa nam na na\u0161 e-naslov po\u0161lje\u0161 svoj prispevek (risbo, fotografijo, videoprispevek &#8230;), ki ga bomo objavili na spletni strani.\u00a0 Veselimo se sodelovanja z vami!<\/p>\n","protected":false},"author":90704,"featured_media":0,"parent":0,"menu_order":0,"comment_status":"closed","ping_status":"closed","template":"","meta":{"_et_pb_use_builder":"on","_et_pb_old_content":"","_et_gb_content_width":"","footnotes":""},"class_list":["post-358","page","type-page","status-publish","hentry"],"_links":{"self":[{"href":"https:\/\/vodmatskeiskrice.splet.arnes.si\/index.php?rest_route=\/wp\/v2\/pages\/358","targetHints":{"allow":["GET"]}}],"collection":[{"href":"https:\/\/vodmatskeiskrice.splet.arnes.si\/index.php?rest_route=\/wp\/v2\/pages"}],"about":[{"href":"https:\/\/vodmatskeiskrice.splet.arnes.si\/index.php?rest_route=\/wp\/v2\/types\/page"}],"author":[{"embeddable":true,"href":"https:\/\/vodmatskeiskrice.splet.arnes.si\/index.php?rest_route=\/wp\/v2\/users\/90704"}],"replies":[{"embeddable":true,"href":"https:\/\/vodmatskeiskrice.splet.arnes.si\/index.php?rest_route=%2Fwp%2Fv2%2Fcomments&post=358"}],"version-history":[{"count":2,"href":"https:\/\/vodmatskeiskrice.splet.arnes.si\/index.php?rest_route=\/wp\/v2\/pages\/358\/revisions"}],"predecessor-version":[{"id":361,"href":"https:\/\/vodmatskeiskrice.splet.arnes.si\/index.php?rest_route=\/wp\/v2\/pages\/358\/revisions\/361"}],"wp:attachment":[{"href":"https:\/\/vodmatskeiskrice.splet.arnes.si\/index.php?rest_route=%2Fwp%2Fv2%2Fmedia&parent=358"}],"curies":[{"name":"wp","href":"https:\/\/api.w.org\/{rel}","templated":true}]}}