{"id":338,"date":"2022-05-14T10:32:55","date_gmt":"2022-05-14T08:32:55","guid":{"rendered":"https:\/\/vodmatskeiskrice.splet.arnes.si\/?page_id=338"},"modified":"2022-05-19T16:57:08","modified_gmt":"2022-05-19T14:57:08","slug":"338-2","status":"publish","type":"page","link":"https:\/\/vodmatskeiskrice.splet.arnes.si\/?page_id=338","title":{"rendered":"Prispevki u\u010dencev"},"content":{"rendered":"<p>[et_pb_section fb_built=&#8221;1&#8243; admin_label=&#8221;Header&#8221; _builder_version=&#8221;4.17.3&#8243; _module_preset=&#8221;default&#8221; background_color=&#8221;#F8F7F1&#8243; background_image=&#8221;https:\/\/vodmatskeiskrice.splet.arnes.si\/files\/2022\/04\/homemade-cookies-046.png&#8221; parallax=&#8221;on&#8221; parallax_method=&#8221;off&#8221; global_colors_info=&#8221;{}&#8221;][et_pb_row make_equal=&#8221;on&#8221; _builder_version=&#8221;4.17.3&#8243; _module_preset=&#8221;default&#8221; global_colors_info=&#8221;{}&#8221;][et_pb_column type=&#8221;4_4&#8243; _builder_version=&#8221;4.16&#8243; _module_preset=&#8221;default&#8221; global_colors_info=&#8221;{}&#8221;][et_pb_text _builder_version=&#8221;4.16&#8243; _module_preset=&#8221;77bd6224-541c-4dfa-aa0c-4832456a9557&#8243; header_font=&#8221;Berkshire Swash||||||||&#8221; header_text_color=&#8221;#000000&#8243; header_font_size=&#8221;100px&#8221; max_width=&#8221;880px&#8221; header_font_size_tablet=&#8221;50px&#8221; header_font_size_phone=&#8221;28px&#8221; header_font_size_last_edited=&#8221;on|phone&#8221; locked=&#8221;off&#8221; global_colors_info=&#8221;{}&#8221; theme_builder_area=&#8221;post_content&#8221;]<\/p>\n<h1>Prispevki u\u010dencev<\/h1>\n<p>[\/et_pb_text][et_pb_text _builder_version=&#8221;4.16&#8243; _module_preset=&#8221;default&#8221; header_font=&#8221;||||||||&#8221; header_4_font=&#8221;Quicksand|700|||||||&#8221; header_4_text_color=&#8221;#000000&#8243; header_4_font_size=&#8221;16px&#8221; header_4_line_height=&#8221;1.7em&#8221; max_width=&#8221;450px&#8221; header_4_font_size_tablet=&#8221;14px&#8221; header_4_font_size_phone=&#8221;12px&#8221; header_4_font_size_last_edited=&#8221;on|phone&#8221; locked=&#8221;off&#8221; global_colors_info=&#8221;{}&#8221;]<\/p>\n<h4><span>Spodbujamo ustvarjalnost u\u010denk in u\u010dencev na podro\u010dju likovne umetnosti, jezika, glasbe in \u0161porta.<\/span><\/h4>\n<p>[\/et_pb_text][\/et_pb_column][\/et_pb_row][et_pb_row _builder_version=&#8221;4.17.3&#8243; _module_preset=&#8221;default&#8221; global_colors_info=&#8221;{}&#8221;][et_pb_column type=&#8221;4_4&#8243; _builder_version=&#8221;4.17.3&#8243; _module_preset=&#8221;default&#8221; global_colors_info=&#8221;{}&#8221;][et_pb_blog fullwidth=&#8221;off&#8221; include_categories=&#8221;9&#8243; show_more=&#8221;on&#8221; _builder_version=&#8221;4.17.3&#8243; _module_preset=&#8221;default&#8221; global_colors_info=&#8221;{}&#8221;][\/et_pb_blog][\/et_pb_column][\/et_pb_row][\/et_pb_section]<\/p>\n","protected":false},"excerpt":{"rendered":"<p>Prispevki u\u010dencevSpodbujamo ustvarjalnost u\u010denk in u\u010dencev na podro\u010dju likovne umetnosti, jezika, glasbe in \u0161porta.<\/p>\n","protected":false},"author":90704,"featured_media":0,"parent":0,"menu_order":0,"comment_status":"closed","ping_status":"closed","template":"","meta":{"_et_pb_use_builder":"on","_et_pb_old_content":"","_et_gb_content_width":"","footnotes":""},"class_list":["post-338","page","type-page","status-publish","hentry"],"_links":{"self":[{"href":"https:\/\/vodmatskeiskrice.splet.arnes.si\/index.php?rest_route=\/wp\/v2\/pages\/338","targetHints":{"allow":["GET"]}}],"collection":[{"href":"https:\/\/vodmatskeiskrice.splet.arnes.si\/index.php?rest_route=\/wp\/v2\/pages"}],"about":[{"href":"https:\/\/vodmatskeiskrice.splet.arnes.si\/index.php?rest_route=\/wp\/v2\/types\/page"}],"author":[{"embeddable":true,"href":"https:\/\/vodmatskeiskrice.splet.arnes.si\/index.php?rest_route=\/wp\/v2\/users\/90704"}],"replies":[{"embeddable":true,"href":"https:\/\/vodmatskeiskrice.splet.arnes.si\/index.php?rest_route=%2Fwp%2Fv2%2Fcomments&post=338"}],"version-history":[{"count":8,"href":"https:\/\/vodmatskeiskrice.splet.arnes.si\/index.php?rest_route=\/wp\/v2\/pages\/338\/revisions"}],"predecessor-version":[{"id":453,"href":"https:\/\/vodmatskeiskrice.splet.arnes.si\/index.php?rest_route=\/wp\/v2\/pages\/338\/revisions\/453"}],"wp:attachment":[{"href":"https:\/\/vodmatskeiskrice.splet.arnes.si\/index.php?rest_route=%2Fwp%2Fv2%2Fmedia&parent=338"}],"curies":[{"name":"wp","href":"https:\/\/api.w.org\/{rel}","templated":true}]}}