{"id":204,"date":"2022-04-23T14:50:05","date_gmt":"2022-04-23T12:50:05","guid":{"rendered":"https:\/\/vodmatskeiskrice.splet.arnes.si\/?page_id=204"},"modified":"2022-06-03T12:51:45","modified_gmt":"2022-06-03T10:51:45","slug":"204-2","status":"publish","type":"page","link":"https:\/\/vodmatskeiskrice.splet.arnes.si\/?page_id=204","title":{"rendered":"O nas"},"content":{"rendered":"<p>[et_pb_section fb_built=&#8221;1&#8243; admin_label=&#8221;Header&#8221; _builder_version=&#8221;4.16&#8243; _module_preset=&#8221;default&#8221; background_color=&#8221;#F8F7F1&#8243; background_image=&#8221;https:\/\/vodmatskeiskrice.splet.arnes.si\/files\/2022\/04\/homemade-cookies-023.png&#8221; parallax=&#8221;on&#8221; parallax_method=&#8221;off&#8221; global_colors_info=&#8221;{}&#8221;][et_pb_row _builder_version=&#8221;4.16&#8243; _module_preset=&#8221;default&#8221; global_colors_info=&#8221;{}&#8221;][et_pb_column type=&#8221;4_4&#8243; _builder_version=&#8221;4.16&#8243; _module_preset=&#8221;default&#8221; global_colors_info=&#8221;{}&#8221;][et_pb_text _builder_version=&#8221;4.16&#8243; _module_preset=&#8221;77bd6224-541c-4dfa-aa0c-4832456a9557&#8243; header_font=&#8221;Berkshire Swash||||||||&#8221; header_text_color=&#8221;#000000&#8243; header_font_size=&#8221;100px&#8221; header_font_size_tablet=&#8221;50px&#8221; header_font_size_phone=&#8221;28px&#8221; header_font_size_last_edited=&#8221;on|phone&#8221; locked=&#8221;off&#8221; global_colors_info=&#8221;{}&#8221;]<\/p>\n<h1>O nas<\/h1>\n<p>[\/et_pb_text][\/et_pb_column][\/et_pb_row][et_pb_row _builder_version=&#8221;4.17.3&#8243; _module_preset=&#8221;default&#8221; global_colors_info=&#8221;{}&#8221;][et_pb_column type=&#8221;4_4&#8243; _builder_version=&#8221;4.17.3&#8243; _module_preset=&#8221;default&#8221; global_colors_info=&#8221;{}&#8221;][et_pb_text _builder_version=&#8221;4.17.3&#8243; _module_preset=&#8221;default&#8221; text_font=&#8221;||||||||&#8221; text_font_size=&#8221;16px&#8221; global_colors_info=&#8221;{}&#8221;]<\/p>\n<p>Dora, Sara in Iza smo u\u010denke petega razreda, ki pod mentorstvom u\u010diteljic Anite \u0106ordi\u0107 in Tja\u0161e Golobi\u010d \u0160tucin ustvarjamo \u0161olski \u010dasopis Vodmatske iskrice. Za sodelovanje v \u0161olskem \u010dasopisu smo se odlo\u010dile, ker nas je zanimalo nastajanje \u010dasopisa.<\/p>\n<p>&nbsp;<\/p>\n<p>[\/et_pb_text][\/et_pb_column][\/et_pb_row][et_pb_row column_structure=&#8221;3_5,2_5&#8243; _builder_version=&#8221;4.17.3&#8243; _module_preset=&#8221;default&#8221; global_colors_info=&#8221;{}&#8221;][et_pb_column type=&#8221;3_5&#8243; _builder_version=&#8221;4.17.3&#8243; _module_preset=&#8221;default&#8221; global_colors_info=&#8221;{}&#8221;][et_pb_testimonial author=&#8221;Sara&#8221; job_title=&#8221;u\u010denka 5. razreda&#8221; company_name=&#8221;O\u0160 Vodmat&#8221; _builder_version=&#8221;4.17.3&#8243; _module_preset=&#8221;default&#8221; background_enable_image=&#8221;off&#8221; box_shadow_style=&#8221;preset6&#8243; global_colors_info=&#8221;{}&#8221;]<\/p>\n<p>Rada prihajam k interesni dejavnosti, saj mi je vloga novinarke zelo v\u0161e\u010d.<\/p>\n<p>[\/et_pb_testimonial][\/et_pb_column][et_pb_column type=&#8221;2_5&#8243; _builder_version=&#8221;4.17.3&#8243; _module_preset=&#8221;default&#8221; global_colors_info=&#8221;{}&#8221;][\/et_pb_column][\/et_pb_row][et_pb_row column_structure=&#8221;1_3,2_3&#8243; _builder_version=&#8221;4.17.3&#8243; _module_preset=&#8221;default&#8221; global_colors_info=&#8221;{}&#8221;][et_pb_column type=&#8221;1_3&#8243; _builder_version=&#8221;4.17.3&#8243; _module_preset=&#8221;default&#8221; global_colors_info=&#8221;{}&#8221;][\/et_pb_column][et_pb_column type=&#8221;2_3&#8243; _builder_version=&#8221;4.17.3&#8243; _module_preset=&#8221;default&#8221; global_colors_info=&#8221;{}&#8221;][et_pb_testimonial author=&#8221;Iza Sofia&#8221; job_title=&#8221;u\u010denka 5. razreda&#8221; company_name=&#8221;O\u0160 Vodmat&#8221; _builder_version=&#8221;4.17.3&#8243; _module_preset=&#8221;default&#8221; background_enable_image=&#8221;off&#8221; box_shadow_style=&#8221;preset6&#8243; global_colors_info=&#8221;{}&#8221;]<\/p>\n<p>Rada obiskujem interesno dejavnost \u0160olski \u010dasopis, saj se tam tudi zabavamo. V\u010dasih z u\u010diteljicama spijemo tudi vro\u010do \u010dokolado.<\/p>\n<p>[\/et_pb_testimonial][\/et_pb_column][\/et_pb_row][et_pb_row column_structure=&#8221;3_5,2_5&#8243; _builder_version=&#8221;4.17.3&#8243; _module_preset=&#8221;default&#8221; global_colors_info=&#8221;{}&#8221;][et_pb_column type=&#8221;3_5&#8243; _builder_version=&#8221;4.17.3&#8243; _module_preset=&#8221;default&#8221; global_colors_info=&#8221;{}&#8221;][et_pb_testimonial author=&#8221;Dora&#8221; job_title=&#8221;u\u010denka 5. razred&#8221; company_name=&#8221;O\u0160 Vodmat&#8221; _builder_version=&#8221;4.17.3&#8243; _module_preset=&#8221;default&#8221; background_enable_image=&#8221;off&#8221; background_size=&#8221;custom&#8221; box_shadow_style=&#8221;preset6&#8243; global_colors_info=&#8221;{}&#8221;]<\/p>\n<p>Interesna dejavnost \u0160olski \u010dasopis mi je zelo v\u0161e\u010d, ker je zelo zabavno in ustvarjamo v zelo prijetnem in spro\u0161\u010denem vzdu\u0161ju. V\u0161e\u010d so mi tudi intervjuji z razli\u010dnimi u\u010ditelji.<\/p>\n<p>[\/et_pb_testimonial][\/et_pb_column][et_pb_column type=&#8221;2_5&#8243; _builder_version=&#8221;4.17.3&#8243; _module_preset=&#8221;default&#8221; global_colors_info=&#8221;{}&#8221;][\/et_pb_column][\/et_pb_row][\/et_pb_section]<\/p>\n","protected":false},"excerpt":{"rendered":"<p>O nasDora, Sara in Iza smo u\u010denke petega razreda, ki pod mentorstvom u\u010diteljic Anite \u0106ordi\u0107 in Tja\u0161e Golobi\u010d \u0160tucin ustvarjamo \u0161olski \u010dasopis Vodmatske iskrice. Za sodelovanje v \u0161olskem \u010dasopisu smo se odlo\u010dile, ker nas je zanimalo nastajanje \u010dasopisa. &nbsp;Rada prihajam k interesni dejavnosti, saj mi je vloga novinarke zelo v\u0161e\u010d.Rada obiskujem interesno dejavnost \u0160olski \u010dasopis, [&hellip;]<\/p>\n","protected":false},"author":90704,"featured_media":0,"parent":0,"menu_order":0,"comment_status":"closed","ping_status":"closed","template":"","meta":{"_et_pb_use_builder":"on","_et_pb_old_content":"","_et_gb_content_width":"","footnotes":""},"class_list":["post-204","page","type-page","status-publish","hentry"],"_links":{"self":[{"href":"https:\/\/vodmatskeiskrice.splet.arnes.si\/index.php?rest_route=\/wp\/v2\/pages\/204","targetHints":{"allow":["GET"]}}],"collection":[{"href":"https:\/\/vodmatskeiskrice.splet.arnes.si\/index.php?rest_route=\/wp\/v2\/pages"}],"about":[{"href":"https:\/\/vodmatskeiskrice.splet.arnes.si\/index.php?rest_route=\/wp\/v2\/types\/page"}],"author":[{"embeddable":true,"href":"https:\/\/vodmatskeiskrice.splet.arnes.si\/index.php?rest_route=\/wp\/v2\/users\/90704"}],"replies":[{"embeddable":true,"href":"https:\/\/vodmatskeiskrice.splet.arnes.si\/index.php?rest_route=%2Fwp%2Fv2%2Fcomments&post=204"}],"version-history":[{"count":9,"href":"https:\/\/vodmatskeiskrice.splet.arnes.si\/index.php?rest_route=\/wp\/v2\/pages\/204\/revisions"}],"predecessor-version":[{"id":580,"href":"https:\/\/vodmatskeiskrice.splet.arnes.si\/index.php?rest_route=\/wp\/v2\/pages\/204\/revisions\/580"}],"wp:attachment":[{"href":"https:\/\/vodmatskeiskrice.splet.arnes.si\/index.php?rest_route=%2Fwp%2Fv2%2Fmedia&parent=204"}],"curies":[{"name":"wp","href":"https:\/\/api.w.org\/{rel}","templated":true}]}}